{"id":10,"date":"2024-09-23T17:58:02","date_gmt":"2024-09-23T17:58:02","guid":{"rendered":"https:\/\/www.zeitraum24.at\/?page_id=10"},"modified":"2024-10-04T06:48:08","modified_gmt":"2024-10-04T06:48:08","slug":"about","status":"publish","type":"page","link":"https:\/\/www.zeitraum24.at\/?page_id=10","title":{"rendered":"3D Tour und Infos"},"content":{"rendered":"\n<h2 class=\"wp-block-heading has-large-font-size\" id=\"inspiro-is-a-digital-product-agency-that-focuses-on-strategy-and-design\" style=\"font-style:normal;font-weight:100\"><strong>Tauche ein in unsere 3D-Raumtour<\/strong><br>Erkunde den Raum interaktiv! <\/h2>\n\n\n\n<p>Halte die Maustaste gedr\u00fcckt und bewege das Bild, um dich umzusehen. Mit dem Scrollrad kannst du hinein- oder herauszoomen. Klicke auf die roten Punkte, um den Standort zu wechseln, oder lass einfach die automatische Tour f\u00fcr dich ablaufen.<\/p>\n\n\n\n<iframe src= \"https:\/\/cdn5.3dswissmedia.com\/360\/zeitraum\/\" width=\"600\" height=\"500\"><\/iframe>\n\n\n\n<div class=\"wp-block-columns alignwide is-layout-flex wp-container-core-columns-is-layout-28f84493 wp-block-columns-is-layout-flex\">\n<div class=\"wp-block-column is-layout-flow wp-block-column-is-layout-flow\">\n<figure class=\"wp-block-image size-large\"><img loading=\"lazy\" decoding=\"async\" width=\"1024\" height=\"769\" src=\"https:\/\/www.zeitraum24.at\/wp-content\/uploads\/2024\/09\/zeitraum24_Bild-02-1024x769.jpg\" alt=\"\" class=\"wp-image-27\" srcset=\"https:\/\/www.zeitraum24.at\/wp-content\/uploads\/2024\/09\/zeitraum24_Bild-02-1024x769.jpg 1024w, https:\/\/www.zeitraum24.at\/wp-content\/uploads\/2024\/09\/zeitraum24_Bild-02-300x225.jpg 300w, https:\/\/www.zeitraum24.at\/wp-content\/uploads\/2024\/09\/zeitraum24_Bild-02-2000x1502.jpg 2000w\" sizes=\"auto, (max-width: 1024px) 100vw, 1024px\" \/><\/figure>\n\n\n\n<p class=\"has-black-color has-text-color has-medium-font-size\">U-Form Bestuhlung<\/p>\n\n\n\n<p class=\"has-text-color\" style=\"color:#7a7a7a\">Im Innenraum der U-Form kann sich der Vortragende frei bewegen und Augenkontakt mit den Teilnehmern halten, weshalb sich die Form gut f\u00fcr Workshops, Pr\u00e4sentationen oder Diskussionsrunden eignet.<\/p>\n<\/div>\n\n\n\n<div class=\"wp-block-column is-layout-flow wp-block-column-is-layout-flow\">\n<figure class=\"wp-block-image size-large\"><img loading=\"lazy\" decoding=\"async\" width=\"1024\" height=\"769\" src=\"https:\/\/www.zeitraum24.at\/wp-content\/uploads\/2024\/09\/zeitraum24_Kino-Bestuhlung_02-1024x769.jpg\" alt=\"\" class=\"wp-image-28\" srcset=\"https:\/\/www.zeitraum24.at\/wp-content\/uploads\/2024\/09\/zeitraum24_Kino-Bestuhlung_02-1024x769.jpg 1024w, https:\/\/www.zeitraum24.at\/wp-content\/uploads\/2024\/09\/zeitraum24_Kino-Bestuhlung_02-300x225.jpg 300w, https:\/\/www.zeitraum24.at\/wp-content\/uploads\/2024\/09\/zeitraum24_Kino-Bestuhlung_02-2000x1502.jpg 2000w\" sizes=\"auto, (max-width: 1024px) 100vw, 1024px\" \/><\/figure>\n\n\n\n<p class=\"has-black-color has-text-color has-medium-font-size\">Kino Bestuhlung<\/p>\n\n\n\n<p class=\"has-text-color\" style=\"color:#7a7a7a\">Mit der Kino- oder Theaterbestuhlung ist der Raum maximal ausgenutzt. Durch das Versetzen der Sesselreihen kann eine bessere Blickrichtung zum Vortragenden erreicht werden.<\/p>\n<\/div>\n\n\n\n<div class=\"wp-block-column is-layout-flow wp-block-column-is-layout-flow\">\n<figure class=\"wp-block-image size-large\"><img loading=\"lazy\" decoding=\"async\" width=\"1024\" height=\"768\" src=\"https:\/\/www.zeitraum24.at\/wp-content\/uploads\/2024\/09\/zeitraum24_Besprechungstisch_02-1024x768.jpg\" alt=\"\" class=\"wp-image-29\" srcset=\"https:\/\/www.zeitraum24.at\/wp-content\/uploads\/2024\/09\/zeitraum24_Besprechungstisch_02-1024x768.jpg 1024w, https:\/\/www.zeitraum24.at\/wp-content\/uploads\/2024\/09\/zeitraum24_Besprechungstisch_02-300x225.jpg 300w, https:\/\/www.zeitraum24.at\/wp-content\/uploads\/2024\/09\/zeitraum24_Besprechungstisch_02-2000x1500.jpg 2000w\" sizes=\"auto, (max-width: 1024px) 100vw, 1024px\" \/><\/figure>\n\n\n\n<p class=\"has-black-color has-text-color has-medium-font-size\">Block Bestuhlung<\/p>\n\n\n\n<p class=\"has-text-color\" style=\"color:#7a7a7a\">Die Blockbestuhlung eignet sich besonders f\u00fcr Meetings und f\u00fcr Vereine oder Gremien. Ebenso wird diese Variante f\u00fcr Veranstaltungen gew\u00e4hlt, bei denen Essen serviert wird.<\/p>\n\n\n\n<p class=\"has-text-color\" style=\"color:#7a7a7a\">Man sitzt sich gegen\u00fcber, das schafft N\u00e4he, man hat Augenkontakt und kann so interaktiv mit den Teilnehmern kommunizieren.<\/p>\n<\/div>\n<\/div>\n\n\n\n<h3 class=\"wp-block-heading has-large-font-size\" id=\"inspiro-is-a-digital-product-agency-that-focuses-on-strategy-and-desig\" style=\"font-weight:300\">Grundriss<\/h3>\n\n\n\n<figure class=\"wp-block-image size-full\"><img loading=\"lazy\" decoding=\"async\" width=\"832\" height=\"995\" src=\"https:\/\/www.zeitraum24.at\/wp-content\/uploads\/2024\/09\/zeitraum24_Grundriss.jpg\" alt=\"\" class=\"wp-image-43\" srcset=\"https:\/\/www.zeitraum24.at\/wp-content\/uploads\/2024\/09\/zeitraum24_Grundriss.jpg 832w, https:\/\/www.zeitraum24.at\/wp-content\/uploads\/2024\/09\/zeitraum24_Grundriss-251x300.jpg 251w\" sizes=\"auto, (max-width: 832px) 100vw, 832px\" \/><\/figure>\n\n\n\n<h3 class=\"wp-block-heading has-large-font-size\">Google Street View 360\u00b0 um den zeitraum24 von der Bahnhofstr. 11 zu erreichen.<\/h3>\n\n\n\n<p><\/p>\n\n\n\n<iframe src=\"https:\/\/www.google.com\/maps\/embed?pb=!4v1727850455247!6m8!1m7!1sCAoSLEFGMVFpcE9YcmpvemZTbWxqZWx3a1ZySHVzQURLZXRYTjhmanBoV1BYUHFC!2m2!1d47.15513144650429!2d9.817245507278377!3f319.8!4f0!5f0.7820865974627469\" width=\"600\" height=\"450\" style=\"border:0;\" allowfullscreen=\"\" loading=\"lazy\" referrerpolicy=\"no-referrer-when-downgrade\"><\/iframe>\n\n\n\n<p><\/p>\n","protected":false},"excerpt":{"rendered":"<p>Tauche ein in unsere 3D-RaumtourErkunde den Raum interaktiv! Halte die Maustaste gedr\u00fcckt und bewege das Bild, um dich umzusehen. Mit dem Scrollrad kannst du hinein- oder herauszoomen. Klicke auf die roten Punkte, um den Standort zu wechseln, oder lass einfach die automatische Tour f\u00fcr dich ablaufen. U-Form Bestuhlung Im Innenraum der U-Form kann sich der &hellip; <\/p>\n<p class=\"link-more\"><a href=\"https:\/\/www.zeitraum24.at\/?page_id=10\" class=\"more-link\">Mehr <span class=\"screen-reader-text\">\u00fcber &#8222;3D Tour und Infos&#8220; <\/span>Lesen<\/a><\/p>\n","protected":false},"author":1,"featured_media":57,"parent":0,"menu_order":0,"comment_status":"closed","ping_status":"closed","template":"","meta":{"footnotes":""},"class_list":["post-10","page","type-page","status-publish","has-post-thumbnail","hentry"],"_links":{"self":[{"href":"https:\/\/www.zeitraum24.at\/index.php?rest_route=\/wp\/v2\/pages\/10","targetHints":{"allow":["GET"]}}],"collection":[{"href":"https:\/\/www.zeitraum24.at\/index.php?rest_route=\/wp\/v2\/pages"}],"about":[{"href":"https:\/\/www.zeitraum24.at\/index.php?rest_route=\/wp\/v2\/types\/page"}],"author":[{"embeddable":true,"href":"https:\/\/www.zeitraum24.at\/index.php?rest_route=\/wp\/v2\/users\/1"}],"replies":[{"embeddable":true,"href":"https:\/\/www.zeitraum24.at\/index.php?rest_route=%2Fwp%2Fv2%2Fcomments&post=10"}],"version-history":[{"count":33,"href":"https:\/\/www.zeitraum24.at\/index.php?rest_route=\/wp\/v2\/pages\/10\/revisions"}],"predecessor-version":[{"id":117,"href":"https:\/\/www.zeitraum24.at\/index.php?rest_route=\/wp\/v2\/pages\/10\/revisions\/117"}],"wp:featuredmedia":[{"embeddable":true,"href":"https:\/\/www.zeitraum24.at\/index.php?rest_route=\/wp\/v2\/media\/57"}],"wp:attachment":[{"href":"https:\/\/www.zeitraum24.at\/index.php?rest_route=%2Fwp%2Fv2%2Fmedia&parent=10"}],"curies":[{"name":"wp","href":"https:\/\/api.w.org\/{rel}","templated":true}]}}