{"id":9,"date":"2024-09-23T17:58:02","date_gmt":"2024-09-23T17:58:02","guid":{"rendered":"https:\/\/www.zeitraum24.at\/?page_id=9"},"modified":"2025-02-03T08:45:35","modified_gmt":"2025-02-03T07:45:35","slug":"homepage","status":"publish","type":"page","link":"https:\/\/www.zeitraum24.at\/","title":{"rendered":"Homepage"},"content":{"rendered":"\n<div class=\"wp-block-cover alignfull is-light\" style=\"min-height:100vh;aspect-ratio:unset;\"><span aria-hidden=\"true\" class=\"wp-block-cover__background has-background-dim-20 has-background-dim\" style=\"background-color:#b59b7b\"><\/span><img loading=\"lazy\" decoding=\"async\" width=\"2560\" height=\"1438\" class=\"wp-block-cover__image-background wp-image-25\" alt=\"\" src=\"https:\/\/www.zeitraum24.at\/wp-content\/uploads\/2024\/09\/zeitraum24_Besprechungstisch-scaled.jpg\" data-object-fit=\"cover\" srcset=\"https:\/\/www.zeitraum24.at\/wp-content\/uploads\/2024\/09\/zeitraum24_Besprechungstisch-scaled.jpg 2560w, https:\/\/www.zeitraum24.at\/wp-content\/uploads\/2024\/09\/zeitraum24_Besprechungstisch-300x169.jpg 300w, https:\/\/www.zeitraum24.at\/wp-content\/uploads\/2024\/09\/zeitraum24_Besprechungstisch-1024x575.jpg 1024w, https:\/\/www.zeitraum24.at\/wp-content\/uploads\/2024\/09\/zeitraum24_Besprechungstisch-2000x1124.jpg 2000w\" sizes=\"auto, (max-width: 2560px) 100vw, 2560px\" \/><div class=\"wp-block-cover__inner-container has-global-padding is-layout-constrained wp-block-cover-is-layout-constrained\">\n<p class=\"has-text-align-center has-white-color has-text-color has-max-60-font-size\" style=\"font-style:normal;font-weight:900;line-height:1.2\">Liebe Kundinnen und Kunden!<\/p>\n\n\n\n<p class=\"has-text-align-center has-white-color has-text-color has-large-font-size\" style=\"font-style:normal;font-weight:900;line-height:1.2\">Der zeitraum24 wird nach rund drei erfolgreichen Jahren mit Ende Februar 2025 geschlossen und keine neuen Buchungen mehr angenommen.<\/p>\n\n\n\n<p class=\"has-text-align-center has-white-color has-text-color has-large-font-size\" style=\"font-style:normal;font-weight:900;line-height:1.2\">Vielen Dank f\u00fcr die Treue und Unterst\u00fctzung.<\/p>\n\n\n\n<p class=\"has-text-align-center has-white-color has-text-color has-medium-font-size\"><\/p>\n\n\n\n<div style=\"height:55px\" aria-hidden=\"true\" class=\"wp-block-spacer\"><\/div>\n\n\n\n<div class=\"wp-block-buttons is-content-justification-center is-layout-flex wp-container-core-buttons-is-layout-a89b3969 wp-block-buttons-is-layout-flex\">\n<div class=\"wp-block-button is-style-outline is-style-outline--1\"><a class=\"wp-block-button__link has-white-color has-text-color wp-element-button\" href=\"https:\/\/www.zeitraum24.at\/?page_id=11\" style=\"border-radius:0px\"><strong>Raum sichern!<\/strong><\/a><\/div>\n<\/div>\n<\/div><\/div>\n\n\n\n<div class=\"wp-block-group has-global-padding is-layout-constrained wp-block-group-is-layout-constrained\">\n<div style=\"height:57px\" aria-hidden=\"true\" class=\"wp-block-spacer\"><\/div>\n\n\n\n<h2 class=\"wp-block-heading has-text-align-center has-medium-font-size\" style=\"letter-spacing:1px\">ENTDECKE UNSERE FLEXIBLEN M\u00d6GLICHKEITEN<\/h2>\n\n\n\n<p class=\"has-text-align-center\">Mache es dir ein einem komplett eingerichteten Seminarraum gem\u00fctlich und profitiere von einer umfangreichen Ausstattung. Die R\u00e4umlichkeit eignet sich hervorragend f\u00fcr kreative Weiterbildungen und Seminare. Veranstaltungen mit bis zu 30 Personen sind hier problemlos umsetzbar. <br> <\/p>\n<\/div>\n\n\n\n<div class=\"wp-block-group alignfull pattern_multiple_covers has-background has-global-padding is-layout-constrained wp-block-group-is-layout-constrained\" id=\"services\" style=\"background-color:#f8f8f8\">\n<p class=\"has-text-align-left has-secondary-color has-text-color\" style=\"letter-spacing:1px\"><\/p>\n\n\n\n<h2 class=\"wp-block-heading has-text-align-left\">Inspiration braucht Raum &#8211; bei uns findest du ihn!<\/h2>\n\n\n\n<p class=\"has-text-align-left\">Die richtige Bestuhlung macht den Unterschied! <\/p>\n\n\n\n<p class=\"has-text-align-left\">Ob Meeting, Workshop oder Pr\u00e4sentation \u2013 die Anzahl deiner Teilnehmer und das Ziel des Events bestimmen das Setup. Von einer klaren Sicht auf den Moderator bis hin zur optimalen Teamarbeit \u2013 alles soll perfekt passen.<\/p>\n\n\n\n<p class=\"has-text-align-left\">Das Ambiente? Es muss inspirieren und f\u00fcr eine produktive Stimmung sorgen. Denn nur in der richtigen Atmosph\u00e4re kann dein Event wirklich gl\u00e4nzen.<\/p>\n\n\n\n<p class=\"has-text-align-left\"><\/p>\n\n\n\n<div style=\"height:46px\" aria-hidden=\"true\" class=\"wp-block-spacer\"><\/div>\n\n\n\n<div class=\"wp-block-columns is-layout-flex wp-container-core-columns-is-layout-28f84493 wp-block-columns-is-layout-flex\">\n<div class=\"wp-block-column is-layout-flow wp-block-column-is-layout-flow\" style=\"padding-top:0;padding-right:0;padding-bottom:0;padding-left:0\">\n<div class=\"wp-block-cover has-custom-content-position is-position-bottom-left\" style=\"padding-top:var(--wp--preset--spacing--small);padding-right:var(--wp--preset--spacing--x-small);padding-bottom:var(--wp--preset--spacing--small);padding-left:var(--wp--preset--spacing--x-small)\"><span aria-hidden=\"true\" class=\"wp-block-cover__background has-primary-background-color has-background-dim-30 has-background-dim\"><\/span><img loading=\"lazy\" decoding=\"async\" width=\"2560\" height=\"1923\" class=\"wp-block-cover__image-background wp-image-27\" alt=\"\" src=\"https:\/\/www.zeitraum24.at\/wp-content\/uploads\/2024\/09\/zeitraum24_Bild-02-scaled.jpg\" data-object-fit=\"cover\" srcset=\"https:\/\/www.zeitraum24.at\/wp-content\/uploads\/2024\/09\/zeitraum24_Bild-02-scaled.jpg 2560w, https:\/\/www.zeitraum24.at\/wp-content\/uploads\/2024\/09\/zeitraum24_Bild-02-300x225.jpg 300w, https:\/\/www.zeitraum24.at\/wp-content\/uploads\/2024\/09\/zeitraum24_Bild-02-1024x769.jpg 1024w, https:\/\/www.zeitraum24.at\/wp-content\/uploads\/2024\/09\/zeitraum24_Bild-02-2000x1502.jpg 2000w\" sizes=\"auto, (max-width: 2560px) 100vw, 2560px\" \/><div class=\"wp-block-cover__inner-container is-layout-flow wp-block-cover-is-layout-flow\">\n<h3 class=\"wp-block-heading has-white-color has-text-color has-medium-font-size\" style=\"margin-top:0;margin-right:0;margin-bottom:0;margin-left:0\">U-Form<br>Bestuhlung<\/h3>\n\n\n\n<p class=\"has-secondary-color has-text-color has-link-color wp-elements-ff9e5e8d4fb71d2bc42ebe4ebcf7cba7\" style=\"margin-top:0;margin-right:0;margin-bottom:0;margin-left:0\"><a href=\"https:\/\/www.zeitraum24.at\/?page_id=10\">Mehr \u2192<\/a><\/p>\n<\/div><\/div>\n<\/div>\n\n\n\n<div class=\"wp-block-column is-layout-flow wp-block-column-is-layout-flow\" style=\"padding-top:0;padding-right:0;padding-bottom:0;padding-left:0\">\n<div class=\"wp-block-cover has-custom-content-position is-position-bottom-left\" style=\"padding-top:var(--wp--preset--spacing--small);padding-right:var(--wp--preset--spacing--x-small);padding-bottom:var(--wp--preset--spacing--small);padding-left:var(--wp--preset--spacing--x-small)\"><span aria-hidden=\"true\" class=\"wp-block-cover__background has-primary-background-color has-background-dim-30 has-background-dim\"><\/span><img loading=\"lazy\" decoding=\"async\" width=\"2560\" height=\"1923\" class=\"wp-block-cover__image-background wp-image-28\" alt=\"\" src=\"https:\/\/www.zeitraum24.at\/wp-content\/uploads\/2024\/09\/zeitraum24_Kino-Bestuhlung_02-scaled.jpg\" data-object-fit=\"cover\" srcset=\"https:\/\/www.zeitraum24.at\/wp-content\/uploads\/2024\/09\/zeitraum24_Kino-Bestuhlung_02-scaled.jpg 2560w, https:\/\/www.zeitraum24.at\/wp-content\/uploads\/2024\/09\/zeitraum24_Kino-Bestuhlung_02-300x225.jpg 300w, https:\/\/www.zeitraum24.at\/wp-content\/uploads\/2024\/09\/zeitraum24_Kino-Bestuhlung_02-1024x769.jpg 1024w, https:\/\/www.zeitraum24.at\/wp-content\/uploads\/2024\/09\/zeitraum24_Kino-Bestuhlung_02-2000x1502.jpg 2000w\" sizes=\"auto, (max-width: 2560px) 100vw, 2560px\" \/><div class=\"wp-block-cover__inner-container is-layout-flow wp-block-cover-is-layout-flow\">\n<h3 class=\"wp-block-heading has-white-color has-text-color has-medium-font-size\" style=\"margin-top:0;margin-right:0;margin-bottom:0;margin-left:0\">Kino<br>Bestuhlung<\/h3>\n\n\n\n<p class=\"has-secondary-color has-text-color has-link-color wp-elements-ff9e5e8d4fb71d2bc42ebe4ebcf7cba7\" style=\"margin-top:0;margin-right:0;margin-bottom:0;margin-left:0\"><a href=\"https:\/\/www.zeitraum24.at\/?page_id=10\">Mehr \u2192<\/a><\/p>\n<\/div><\/div>\n<\/div>\n\n\n\n<div class=\"wp-block-column is-layout-flow wp-block-column-is-layout-flow\" style=\"padding-top:0;padding-right:0;padding-bottom:0;padding-left:0\">\n<div class=\"wp-block-cover has-custom-content-position is-position-bottom-left\" style=\"padding-top:var(--wp--preset--spacing--small);padding-right:var(--wp--preset--spacing--x-small);padding-bottom:var(--wp--preset--spacing--small);padding-left:var(--wp--preset--spacing--x-small)\"><span aria-hidden=\"true\" class=\"wp-block-cover__background has-primary-background-color has-background-dim-10 has-background-dim\"><\/span><img loading=\"lazy\" decoding=\"async\" width=\"2560\" height=\"1920\" class=\"wp-block-cover__image-background wp-image-29\" alt=\"\" src=\"https:\/\/www.zeitraum24.at\/wp-content\/uploads\/2024\/09\/zeitraum24_Besprechungstisch_02-scaled.jpg\" data-object-fit=\"cover\" srcset=\"https:\/\/www.zeitraum24.at\/wp-content\/uploads\/2024\/09\/zeitraum24_Besprechungstisch_02-scaled.jpg 2560w, https:\/\/www.zeitraum24.at\/wp-content\/uploads\/2024\/09\/zeitraum24_Besprechungstisch_02-300x225.jpg 300w, https:\/\/www.zeitraum24.at\/wp-content\/uploads\/2024\/09\/zeitraum24_Besprechungstisch_02-1024x768.jpg 1024w, https:\/\/www.zeitraum24.at\/wp-content\/uploads\/2024\/09\/zeitraum24_Besprechungstisch_02-2000x1500.jpg 2000w\" sizes=\"auto, (max-width: 2560px) 100vw, 2560px\" \/><div class=\"wp-block-cover__inner-container is-layout-flow wp-block-cover-is-layout-flow\">\n<h3 class=\"wp-block-heading has-white-color has-text-color has-medium-font-size\" style=\"margin-top:0;margin-right:0;margin-bottom:0;margin-left:0\">Blockbestuhlung<br>Bestuhlung<\/h3>\n\n\n\n<p class=\"has-secondary-color has-text-color has-link-color wp-elements-ff9e5e8d4fb71d2bc42ebe4ebcf7cba7\" style=\"margin-top:0;margin-right:0;margin-bottom:0;margin-left:0\"><a href=\"https:\/\/www.zeitraum24.at\/?page_id=10\">Mehr \u2192<\/a><\/p>\n<\/div><\/div>\n<\/div>\n<\/div>\n\n\n\n<div style=\"height:103px\" aria-hidden=\"true\" class=\"wp-block-spacer\"><\/div>\n<\/div>\n\n\n\n<div class=\"wp-block-group alignfull has-global-padding is-layout-constrained wp-block-group-is-layout-constrained\">\n<div class=\"wp-block-group has-global-padding is-layout-constrained wp-block-group-is-layout-constrained\" style=\"padding-top:var(--wp--preset--spacing--small);padding-bottom:var(--wp--preset--spacing--small)\">\n<div style=\"height:30px\" aria-hidden=\"true\" class=\"wp-block-spacer\"><\/div>\n\n\n\n<div class=\"wp-block-columns is-layout-flex wp-container-core-columns-is-layout-c375d253 wp-block-columns-is-layout-flex\">\n<div class=\"wp-block-column is-vertically-aligned-center is-layout-flow wp-block-column-is-layout-flow\">\n<h2 class=\"wp-block-heading has-medium-font-size\" style=\"text-transform:uppercase\">Ausstattung<\/h2>\n\n\n\n<p><strong>Dein Raum, deine Vision! <\/strong><\/p>\n\n\n\n<p>Bei uns steht der Erfolg deines Events im Fokus \u2013 von der passenden Atmosph\u00e4re bis zur kompletten Ausstattung<\/p>\n\n\n\n<p><strong>Facts:<\/strong><\/p>\n\n\n\n<p>\u2022 Schnelles WLAN<br>\u2022 Flexibler 85\u201d Smart TV<br>\u2022 Flipchart &amp; Whiteboard<br>\u2022 Moderationskoffer<br>\u2022 10 Tische, 30 St\u00fchle<\/p>\n\n\n\n<p><\/p>\n<\/div>\n\n\n\n<div class=\"wp-block-column is-layout-flow wp-block-column-is-layout-flow\">\n<figure class=\"wp-block-image size-large\"><img loading=\"lazy\" decoding=\"async\" width=\"1024\" height=\"568\" src=\"https:\/\/www.zeitraum24.at\/wp-content\/uploads\/2024\/09\/zeitraum24_Ausstattung-1024x568.png\" alt=\"\" class=\"wp-image-42\" srcset=\"https:\/\/www.zeitraum24.at\/wp-content\/uploads\/2024\/09\/zeitraum24_Ausstattung-1024x568.png 1024w, https:\/\/www.zeitraum24.at\/wp-content\/uploads\/2024\/09\/zeitraum24_Ausstattung-300x166.png 300w, https:\/\/www.zeitraum24.at\/wp-content\/uploads\/2024\/09\/zeitraum24_Ausstattung-2000x1109.png 2000w\" sizes=\"auto, (max-width: 1024px) 100vw, 1024px\" \/><\/figure>\n<\/div>\n<\/div>\n\n\n\n<div style=\"height:30px\" aria-hidden=\"true\" class=\"wp-block-spacer\"><\/div>\n<\/div>\n<\/div>\n\n\n\n<div class=\"wp-block-group alignfull has-background has-global-padding is-layout-constrained wp-block-group-is-layout-constrained\" style=\"background-color:#f8f8f8\">\n<div class=\"wp-block-group has-global-padding is-layout-constrained wp-block-group-is-layout-constrained\" style=\"padding-top:var(--wp--preset--spacing--small);padding-bottom:var(--wp--preset--spacing--small)\">\n<div style=\"height:30px\" aria-hidden=\"true\" class=\"wp-block-spacer\"><\/div>\n\n\n\n<div class=\"wp-block-columns are-vertically-aligned-center is-layout-flex wp-container-core-columns-is-layout-c375d253 wp-block-columns-is-layout-flex\">\n<div class=\"wp-block-column is-vertically-aligned-center is-layout-flow wp-block-column-is-layout-flow\">\n<figure class=\"wp-block-image size-large\"><img loading=\"lazy\" decoding=\"async\" width=\"1024\" height=\"576\" src=\"https:\/\/www.zeitraum24.at\/wp-content\/uploads\/2024\/09\/zeitraum24_Kuche-1024x576.jpg\" alt=\"\" class=\"wp-image-40\" srcset=\"https:\/\/www.zeitraum24.at\/wp-content\/uploads\/2024\/09\/zeitraum24_Kuche-1024x576.jpg 1024w, https:\/\/www.zeitraum24.at\/wp-content\/uploads\/2024\/09\/zeitraum24_Kuche-300x169.jpg 300w, https:\/\/www.zeitraum24.at\/wp-content\/uploads\/2024\/09\/zeitraum24_Kuche-2000x1125.jpg 2000w\" sizes=\"auto, (max-width: 1024px) 100vw, 1024px\" \/><\/figure>\n<\/div>\n\n\n\n<div class=\"wp-block-column is-vertically-aligned-center is-layout-flow wp-block-column-is-layout-flow\">\n<h2 class=\"wp-block-heading has-medium-font-size\" style=\"text-transform:uppercase\">F\u00fcr die Pause<\/h2>\n\n\n\n<p>In der Kaffee-Ecke steht euch eine Nespresso Kapsel-Kaffeemaschine bereit &#8211; dazu alles an Geschirr f\u00fcr bis zu 30 Personen: Gl\u00e4ser, Kaffeetassen, Kuchenteller, Speiseteller, Besteck und mehr. Zus\u00e4tzlich bieten wir einen Wasserkocher, eine mobile Kochplatte, einen K\u00fchlschrank sowie ein Geschirrsp\u00fcler an. Getr\u00e4nke? Einfach anfragen und wir bereiten alles nach deinen W\u00fcnschen vor.<\/p>\n<\/div>\n<\/div>\n\n\n\n<div style=\"height:30px\" aria-hidden=\"true\" class=\"wp-block-spacer\"><\/div>\n<\/div>\n<\/div>\n\n\n\n<p class=\"has-text-align-left has-text-color\" style=\"color:#0bb4aa;letter-spacing:1px\"><\/p>\n\n\n\n<p class=\"has-secondary-color has-text-color has-link-color wp-elements-9ab710cf8c468622e0769e4dc7d6d8ac\"><\/p>\n\n\n\n<div id=\"team\" class=\"wp-block-group has-global-padding is-layout-constrained wp-block-group-is-layout-constrained\">\n<div class=\"wp-block-group is-layout-flow wp-block-group-is-layout-flow\">\n<h2 class=\"wp-block-heading\">Buchungsoptionen f\u00fcr jedes Event<\/h2>\n\n\n\n<p>Preise und Service:<\/p>\n\n\n\n<p>Im zeitraum24 habt ihr die M\u00f6glichkeit, ganz flexibel zu planen. Ihr k\u00f6nnt den Raum <strong>halbtags, ganztags<\/strong> oder bei komplexeren Projekten auch \u00fcber <strong>mehrere Tage<\/strong> hinweg <strong>buchen.<\/strong><\/p>\n\n\n\n<p>So k\u00f6nnt ihr sicherstellen, dass euer Event genau die Zeit und den Raum bekommt, die es verdient, ganz ohne Stress.<\/p>\n\n\n\n<div style=\"height:0px\" aria-hidden=\"true\" class=\"wp-block-spacer\"><\/div>\n\n\n\n<div class=\"wp-block-columns is-layout-flex wp-container-core-columns-is-layout-28f84493 wp-block-columns-is-layout-flex\">\n<div class=\"wp-block-column is-style-default is-layout-flow wp-block-column-is-layout-flow\" style=\"border-style:none;border-width:0px;padding-top:0;padding-right:0;padding-bottom:0;padding-left:0\">\n<figure class=\"wp-block-image size-full is-style-default\"><img loading=\"lazy\" decoding=\"async\" width=\"2560\" height=\"1438\" src=\"https:\/\/www.zeitraum24.at\/wp-content\/uploads\/2024\/09\/zeitraum24_laptop-scaled.jpg\" alt=\"\" class=\"wp-image-44\" srcset=\"https:\/\/www.zeitraum24.at\/wp-content\/uploads\/2024\/09\/zeitraum24_laptop-scaled.jpg 2560w, https:\/\/www.zeitraum24.at\/wp-content\/uploads\/2024\/09\/zeitraum24_laptop-300x169.jpg 300w, https:\/\/www.zeitraum24.at\/wp-content\/uploads\/2024\/09\/zeitraum24_laptop-1024x575.jpg 1024w, https:\/\/www.zeitraum24.at\/wp-content\/uploads\/2024\/09\/zeitraum24_laptop-2000x1124.jpg 2000w\" sizes=\"auto, (max-width: 2560px) 100vw, 2560px\" \/><\/figure>\n\n\n\n<h3 class=\"wp-block-heading\">Halber Tag \/ Abendveranstaltung<\/h3>\n\n\n\n<p class=\"has-tertiary-color has-text-color has-link-color wp-elements-0fc6ffca3a598c04a7d976dc0c363840\">08:00 &#8211; 12:00 \/ 13:00 &#8211; 17:00 \/ 18:00 &#8211; 22:00<\/p>\n\n\n\n<p><strong>EUR 59,-<\/strong><\/p>\n<\/div>\n\n\n\n<div class=\"wp-block-column is-style-default is-layout-flow wp-block-column-is-layout-flow\" style=\"border-style:none;border-width:0px;padding-top:0;padding-right:0;padding-bottom:0;padding-left:0\">\n<figure class=\"wp-block-image size-full\"><img loading=\"lazy\" decoding=\"async\" width=\"2560\" height=\"1440\" src=\"https:\/\/www.zeitraum24.at\/wp-content\/uploads\/2024\/09\/zeitraum24_Bild-03-scaled.jpg\" alt=\"\" class=\"wp-image-45\" srcset=\"https:\/\/www.zeitraum24.at\/wp-content\/uploads\/2024\/09\/zeitraum24_Bild-03-scaled.jpg 2560w, https:\/\/www.zeitraum24.at\/wp-content\/uploads\/2024\/09\/zeitraum24_Bild-03-300x169.jpg 300w, https:\/\/www.zeitraum24.at\/wp-content\/uploads\/2024\/09\/zeitraum24_Bild-03-1024x576.jpg 1024w, https:\/\/www.zeitraum24.at\/wp-content\/uploads\/2024\/09\/zeitraum24_Bild-03-2000x1125.jpg 2000w\" sizes=\"auto, (max-width: 2560px) 100vw, 2560px\" \/><\/figure>\n\n\n\n<h3 class=\"wp-block-heading\">Ganzer Tag<\/h3>\n\n\n\n<p class=\"has-tertiary-color has-text-color has-link-color wp-elements-593d56761362e90905573895056c54d5\">08:00 &#8211; 22:00<\/p>\n\n\n\n<p><strong>EUR 118,-<\/strong><\/p>\n<\/div>\n<\/div>\n\n\n\n<div style=\"height:63px\" aria-hidden=\"true\" class=\"wp-block-spacer\"><\/div>\n<\/div>\n<\/div>\n\n\n\n<div class=\"wp-block-cover alignfull has-parallax is-position-center-center\" style=\"border-radius:0px\"><span aria-hidden=\"true\" class=\"wp-block-cover__background has-black-background-color has-background-dim-40 has-background-dim\"><\/span><div class=\"wp-block-cover__image-background wp-image-24 has-parallax\" style=\"background-position:50% 50%;background-image:url(https:\/\/www.zeitraum24.at\/wp-content\/uploads\/2024\/09\/zeitraum24.at-Seminarraum-scaled.jpg)\"><\/div><div class=\"wp-block-cover__inner-container is-layout-flow wp-block-cover-is-layout-flow\">\n<div class=\"wp-block-group has-global-padding is-layout-constrained wp-block-group-is-layout-constrained\">\n<h3 class=\"wp-block-heading has-text-align-center has-text-color has-medium-font-size\" style=\"color:#fffffa;text-transform:uppercase\">Wir Freuen uns auf deine Anfrage!<\/h3>\n\n\n\n<div style=\"height:31px\" aria-hidden=\"true\" class=\"wp-block-spacer\"><\/div>\n\n\n\n<div class=\"wp-block-buttons is-horizontal is-content-justification-center is-layout-flex wp-container-core-buttons-is-layout-03627597 wp-block-buttons-is-layout-flex\">\n<div class=\"wp-block-button is-style-outline is-style-outline--2\"><a class=\"wp-block-button__link has-white-color has-text-color wp-element-button\" href=\"https:\/\/www.zeitraum24.at\/?page_id=11\" style=\"border-radius:0px\">ANFRAGE<\/a><\/div>\n<\/div>\n<\/div>\n<\/div><\/div>\n\n\n\n<p><\/p>\n","protected":false},"excerpt":{"rendered":"<p>ENTDECKE UNSERE FLEXIBLEN M\u00d6GLICHKEITEN Mache es dir ein einem komplett eingerichteten Seminarraum gem\u00fctlich und profitiere von einer umfangreichen Ausstattung. Die R\u00e4umlichkeit eignet sich hervorragend f\u00fcr kreative Weiterbildungen und Seminare. Veranstaltungen mit bis zu 30 Personen sind hier problemlos umsetzbar. Inspiration braucht Raum &#8211; bei uns findest du ihn! Die richtige Bestuhlung macht den Unterschied! Ob &hellip; <\/p>\n<p class=\"link-more\"><a href=\"https:\/\/www.zeitraum24.at\/\" class=\"more-link\">Mehr <span class=\"screen-reader-text\">\u00fcber &#8222;Homepage&#8220; <\/span>Lesen<\/a><\/p>\n","protected":false},"author":1,"featured_media":0,"parent":0,"menu_order":0,"comment_status":"closed","ping_status":"closed","template":"page-templates\/homepage-no-hero.php","meta":{"footnotes":""},"class_list":["post-9","page","type-page","status-publish","hentry"],"_links":{"self":[{"href":"https:\/\/www.zeitraum24.at\/index.php?rest_route=\/wp\/v2\/pages\/9","targetHints":{"allow":["GET"]}}],"collection":[{"href":"https:\/\/www.zeitraum24.at\/index.php?rest_route=\/wp\/v2\/pages"}],"about":[{"href":"https:\/\/www.zeitraum24.at\/index.php?rest_route=\/wp\/v2\/types\/page"}],"author":[{"embeddable":true,"href":"https:\/\/www.zeitraum24.at\/index.php?rest_route=\/wp\/v2\/users\/1"}],"replies":[{"embeddable":true,"href":"https:\/\/www.zeitraum24.at\/index.php?rest_route=%2Fwp%2Fv2%2Fcomments&post=9"}],"version-history":[{"count":16,"href":"https:\/\/www.zeitraum24.at\/index.php?rest_route=\/wp\/v2\/pages\/9\/revisions"}],"predecessor-version":[{"id":137,"href":"https:\/\/www.zeitraum24.at\/index.php?rest_route=\/wp\/v2\/pages\/9\/revisions\/137"}],"wp:attachment":[{"href":"https:\/\/www.zeitraum24.at\/index.php?rest_route=%2Fwp%2Fv2%2Fmedia&parent=9"}],"curies":[{"name":"wp","href":"https:\/\/api.w.org\/{rel}","templated":true}]}}